{"id":61,"date":"2024-04-09T15:05:58","date_gmt":"2024-04-09T18:05:58","guid":{"rendered":"https:\/\/ged.sidimsistemas.com.br\/?page_id=61"},"modified":"2024-04-09T15:15:38","modified_gmt":"2024-04-09T18:15:38","slug":"obrigado","status":"publish","type":"page","link":"https:\/\/ged.sidimsistemas.com.br\/?page_id=61","title":{"rendered":"Obrigado | GED Sidim Sistemas"},"content":{"rendered":"<style>\/*! elementor - v3.20.0 - 26-03-2024 *\/\n.elementor-widget-image{text-align:center}.elementor-widget-image a{display:inline-block}.elementor-widget-image a img[src$=\".svg\"]{width:48px}.elementor-widget-image img{vertical-align:middle;display:inline-block}<\/style>\n<p>\t\t\t\t\t\t\t\t\t\t<img decoding=\"async\" src=\"https:\/\/ged.sidimsistemas.com.br\/wp-content\/uploads\/2024\/04\/Group-10.png\" title=\"Group-10.png\" alt=\"Group-10.png\" loading=\"lazy\" \/>\t\t\t\t\t\t\t\t\t\t\t\t\t<\/p>\n<style>\/*! elementor - v3.20.0 - 26-03-2024 *\/\n.elementor-heading-title{padding:0;margin:0;line-height:1}.elementor-widget-heading .elementor-heading-title[class*=elementor-size-]>a{color:inherit;font-size:inherit;line-height:inherit}.elementor-widget-heading .elementor-heading-title.elementor-size-small{font-size:15px}.elementor-widget-heading .elementor-heading-title.elementor-size-medium{font-size:19px}.elementor-widget-heading .elementor-heading-title.elementor-size-large{font-size:29px}.elementor-widget-heading .elementor-heading-title.elementor-size-xl{font-size:39px}.elementor-widget-heading .elementor-heading-title.elementor-size-xxl{font-size:59px}<\/style>\n<h1>Obrigado!<\/h1>\n<p>Sua solicita\u00e7\u00e3o foi enviada com sucesso! Em instantes, nossa equipe entrar\u00e1 em contato com voc\u00ea!<\/p>\n<p>\t\t\t\t\t\t\t\t\t\t\t\t\t<img decoding=\"async\" src=\"https:\/\/ged.sidimsistemas.com.br\/wp-content\/uploads\/2024\/04\/Logo_Sidim_branca-2.png\" title=\"Logo_Sidim_branca-2.png\" alt=\"Logo_Sidim_branca-2.png\" loading=\"lazy\" \/><br \/>\n\t\tSidim Sistemas Eireli. Todos os direitos reservados, 2024. CNPJ 10.852.690\/0001-60<\/p>\n","protected":false},"excerpt":{"rendered":"<p>Obrigado! Sua solicita\u00e7\u00e3o foi enviada com sucesso! Em instantes, nossa equipe entrar\u00e1 em contato com voc\u00ea! Sidim Sistemas Eireli. Todos os direitos reservados, 2024. CNPJ 10.852.690\/0001-60<\/p>\n","protected":false},"author":1,"featured_media":0,"parent":0,"menu_order":0,"comment_status":"closed","ping_status":"closed","template":"elementor_canvas","meta":{"footnotes":""},"_links":{"self":[{"href":"https:\/\/ged.sidimsistemas.com.br\/index.php?rest_route=\/wp\/v2\/pages\/61"}],"collection":[{"href":"https:\/\/ged.sidimsistemas.com.br\/index.php?rest_route=\/wp\/v2\/pages"}],"about":[{"href":"https:\/\/ged.sidimsistemas.com.br\/index.php?rest_route=\/wp\/v2\/types\/page"}],"author":[{"embeddable":true,"href":"https:\/\/ged.sidimsistemas.com.br\/index.php?rest_route=\/wp\/v2\/users\/1"}],"replies":[{"embeddable":true,"href":"https:\/\/ged.sidimsistemas.com.br\/index.php?rest_route=%2Fwp%2Fv2%2Fcomments&post=61"}],"version-history":[{"count":4,"href":"https:\/\/ged.sidimsistemas.com.br\/index.php?rest_route=\/wp\/v2\/pages\/61\/revisions"}],"predecessor-version":[{"id":65,"href":"https:\/\/ged.sidimsistemas.com.br\/index.php?rest_route=\/wp\/v2\/pages\/61\/revisions\/65"}],"wp:attachment":[{"href":"https:\/\/ged.sidimsistemas.com.br\/index.php?rest_route=%2Fwp%2Fv2%2Fmedia&parent=61"}],"curies":[{"name":"wp","href":"https:\/\/api.w.org\/{rel}","templated":true}]}}